{"id":21,"date":"2016-03-11T03:09:31","date_gmt":"2016-03-11T09:09:31","guid":{"rendered":"http:\/\/www.alemtransportistas.com\/wp-es\/?page_id=21"},"modified":"2016-03-11T04:03:17","modified_gmt":"2016-03-11T10:03:17","slug":"filosofia","status":"publish","type":"page","link":"https:\/\/www.alemtransportistas.com\/wp-es\/filosofia\/","title":{"rendered":"Filosof\u00eda"},"content":{"rendered":"<p><img src=\"\/wp-es\/wp-content\/uploads\/2016\/03\/pers-i.png\" align=\"left\"\/><\/p>\n<h2>Misi\u00f3n<\/h2>\n<p>Ser una empresa l\u00edder en el transporte especializado, que con el uso de tecnolog\u00eda y el trabajo en equipo logre buscar el crecimiento de la empresa y la mejora continua de nuestros procesos para poder otorgar un servicio a nuestros clientes m\u00e1s r\u00e1pido, eficiente y eficaz para el transporte de sus productos.<\/p>\n<h2>Visi\u00f3n<\/h2>\n<p>Mantenerse en constante crecimiento incrementando la flotilla con unidades cada vez m\u00e1s nuevas, con certificaciones de calidad e implantaci\u00f3n de sistemas de tecnolog\u00edas de la informaci\u00f3n, para posicionarnos como la mejor alternativa para la carga, el traslado y la entrega en el mercado del transporte for\u00e1neo.<\/p>\n<h2>Valores<\/h2>\n<table>\n<tbody>\n<tr>\n<td ><strong>Seguridad<\/strong><\/td>\n<td >Es importante tanto la carga que transportamos como nuestro personal y unidad de transporte.<\/td>\n<\/tr>\n<tr>\n<td ><strong>Cuidado a la Inocuidad<\/strong><\/td>\n<td >La carga que transportamos es para consumo humano, por lo que su manejo es una de nuestras prioridades m\u00e1s altas.<\/td>\n<\/tr>\n<tr>\n<td ><strong>Puntualidad<\/strong><\/td>\n<td >Con la puntualidad no s\u00f3lo queremos hacer menci\u00f3n a una entrega sin retrasos sino al especial cuidado a realizar las entregas aun haciendo uso de caminos alternos a pesar de las inclemencias del clima o situaciones adversas en la carretera.<\/td>\n<\/tr>\n<tr>\n<td ><strong>Creatividad y visi\u00f3n de cambio<\/strong><\/td>\n<td >Buscar mejorar en la operaci\u00f3n haciendo uso de mejores opciones en los avances y cambios tecnol\u00f3gicos.<\/td>\n<\/tr>\n<\/tbody>\n<\/table>\n","protected":false},"excerpt":{"rendered":"<p>Misi\u00f3n Ser una empresa l\u00edder en el transporte especializado, que con el uso de tecnolog\u00eda y el trabajo en equipo logre buscar el crecimiento de la empresa y la mejora continua de nuestros procesos para poder otorgar un servicio a &hellip; <a href=\"https:\/\/www.alemtransportistas.com\/wp-es\/filosofia\/\">Continuar<\/a><\/p>\n","protected":false},"author":1,"featured_media":0,"parent":0,"menu_order":0,"comment_status":"closed","ping_status":"closed","template":"page-fullwidth.php","meta":[],"_links":{"self":[{"href":"https:\/\/www.alemtransportistas.com\/wp-es\/wp-json\/wp\/v2\/pages\/21"}],"collection":[{"href":"https:\/\/www.alemtransportistas.com\/wp-es\/wp-json\/wp\/v2\/pages"}],"about":[{"href":"https:\/\/www.alemtransportistas.com\/wp-es\/wp-json\/wp\/v2\/types\/page"}],"author":[{"embeddable":true,"href":"https:\/\/www.alemtransportistas.com\/wp-es\/wp-json\/wp\/v2\/users\/1"}],"replies":[{"embeddable":true,"href":"https:\/\/www.alemtransportistas.com\/wp-es\/wp-json\/wp\/v2\/comments?post=21"}],"version-history":[{"count":4,"href":"https:\/\/www.alemtransportistas.com\/wp-es\/wp-json\/wp\/v2\/pages\/21\/revisions"}],"predecessor-version":[{"id":48,"href":"https:\/\/www.alemtransportistas.com\/wp-es\/wp-json\/wp\/v2\/pages\/21\/revisions\/48"}],"wp:attachment":[{"href":"https:\/\/www.alemtransportistas.com\/wp-es\/wp-json\/wp\/v2\/media?parent=21"}],"curies":[{"name":"wp","href":"https:\/\/api.w.org\/{rel}","templated":true}]}}