{"id":26,"date":"2016-03-11T03:46:22","date_gmt":"2016-03-11T09:46:22","guid":{"rendered":"http:\/\/www.alemtransportistas.com\/wp-es\/?page_id=26"},"modified":"2025-10-07T21:54:44","modified_gmt":"2025-10-08T02:54:44","slug":"servicio","status":"publish","type":"page","link":"https:\/\/www.alemtransportistas.com\/wp-es\/servicio\/","title":{"rendered":"Servicio"},"content":{"rendered":"<h2>Sobre nuestros\u00a0tanques<\/h2>\n<p>Para nosotros ser\u00e1 un honor ayudarlo en el transporte de su mercanc\u00eda en nuestros tanques o pipas de grado alimenticio que cuentan con todas las <strong>pruebas de hidrostatica <\/strong>necesarias para el transporte de l\u00edquidos de grado alimenticio.<\/p>\n<p>Que cuentan con\u00a0una\u00a0construcci\u00f3n\u00a0de:<\/p>\n<ul>\n<li><strong>C\u00f3digo de Fabricaci\u00f3n:<\/strong> ASME secci\u00f3n VIII, divisi\u00f3n 1, y\/o secci\u00f3n XII, P. Hidrost\u00e1tica 26 psi. Pres. de Trabajo 20 psi<\/li>\n<li><strong>Capsula:<\/strong> Cil\u00edndrica<\/li>\n<li><strong>Material Capsula:<\/strong> Acero Inoxidable 304 2B cal. 10, tapas toriesfericas, Insulado con Poliuretano alta densidad espreado<\/li>\n<li><strong>Forro:<\/strong> Inoxidable T-304 BA<\/li>\n<li><strong>Domo:<\/strong> Registro contra volcaduras 1 entrada hombre con 1 tapa marca Betts 6 herrajes fijos y 1 v\u00e1lvula presi\u00f3n vac\u00edo 25 psi<\/li>\n<li><strong>Gabinete:<\/strong>\u00a0Trasero de acero inoxidable con\u00a0espacios suficientes para la instalaci\u00f3n de bombas para descarga y compartimentos para mantener la inocuidad de las conexiones de descarga.<\/li>\n<li><strong>Anillos:<\/strong> Inoxidable T-304<\/li>\n<li><strong>Tuber\u00edas de descarga:<\/strong>\u00a0Tuber\u00eda con 3\u201d\u00a0y 2\u201d, con v\u00e1lvula mariposa inoxidable de 3\u201d y 2\u201d con brida y clamp<\/li>\n<li><strong>V\u00e1lvula de muestreo:<\/strong> 1 de 1\/2&#8243; construcci\u00f3n en acero inoxidable<\/li>\n<li><strong>Gabinete:<\/strong> trasero construcci\u00f3n en acero Inoxidable grande horizontal ELK<\/li>\n<li><strong>Porta mangueras:<\/strong> 2 construcci\u00f3n en acero inoxidable T-304<\/li>\n<li><strong>Term\u00f3metro:<\/strong> 1 instalado<\/li>\n<li><strong>M\u00e9todo de descarga: <\/strong>Por equipo de bombeo y por gravedad<\/li>\n<\/ul>\n<table style=\"border-spacing: 30px; border-collapse: separate;\">\n<tbody>\n<tr>\n<td style=\"padding: 15px; background-color: #dfdfdf;\" valign=\"top\">\n<h2 style=\"color: #000040;\">Nuestro equipo<\/h2>\n<p>Contamos para el traslado de su mercanc\u00eda con:<\/p>\n<ul>\n<li>Tracto-camiones con auto tanques de 33,000 litros para transporte de aceite vegetal<\/li>\n<li>Torton con tanques de 22,000 litros para transporte de aceite vegetal<\/li>\n<\/ul>\n<\/td>\n<td style=\"padding: 15px; background-color: #dfdfdf;\" valign=\"top\">\n<h2 style=\"color: #000040;\">Sanitizado<\/h2>\n<p>Contamos para el lavado de nuestros tanques con:<\/p>\n<ul>\n<li>Servicio de lavado y vaporizado<\/li>\n<li>Servicio de vaporizado<\/li>\n<\/ul>\n<p>El cual lo realizamos en sucursales Guadalajara, Monterrey, M\u00e9xico y Queretaro con:<\/p>\n<ul>\n<li>Transportes Hermanos Parra<\/li>\n<li>Transportes de la Torre<\/li>\n<\/ul>\n<\/td>\n<\/tr>\n<\/tbody>\n<\/table>\n<h2>Sobre nuestros\u00a0camiones o tractos<\/h2>\n<p>Contamos con programas de mantenimiento de nuestro equipo de transporte para mantener su \u00f3ptimo funcionamiento procurando siempre que se minimicen los eventos correctivos, cambiando sus aceites y filtros peri\u00f3dicamente con un seguimiento sobre las llantas para garantizar un transporte seguro, lo que nos ha dado el reconocimiento como Auto Lineas Maguey y certificaci\u00f3n como Transporte Limpio.<\/p>\n<p><img src=\"\/wp-es\/wp-content\/uploads\/2016\/03\/certificacion-de-transporte-limpio.png\" alt=\"\" align=\"right\" \/><\/p>\n","protected":false},"excerpt":{"rendered":"<p>Sobre nuestros\u00a0tanques Para nosotros ser\u00e1 un honor ayudarlo en el transporte de su mercanc\u00eda en nuestros tanques o pipas de grado alimenticio que cuentan con todas las pruebas de hidrostatica necesarias para el transporte de l\u00edquidos de grado alimenticio. Que &hellip; <a href=\"https:\/\/www.alemtransportistas.com\/wp-es\/servicio\/\">Continuar<\/a><\/p>\n","protected":false},"author":1,"featured_media":0,"parent":0,"menu_order":0,"comment_status":"closed","ping_status":"closed","template":"page-fullwidth.php","meta":[],"_links":{"self":[{"href":"https:\/\/www.alemtransportistas.com\/wp-es\/wp-json\/wp\/v2\/pages\/26"}],"collection":[{"href":"https:\/\/www.alemtransportistas.com\/wp-es\/wp-json\/wp\/v2\/pages"}],"about":[{"href":"https:\/\/www.alemtransportistas.com\/wp-es\/wp-json\/wp\/v2\/types\/page"}],"author":[{"embeddable":true,"href":"https:\/\/www.alemtransportistas.com\/wp-es\/wp-json\/wp\/v2\/users\/1"}],"replies":[{"embeddable":true,"href":"https:\/\/www.alemtransportistas.com\/wp-es\/wp-json\/wp\/v2\/comments?post=26"}],"version-history":[{"count":14,"href":"https:\/\/www.alemtransportistas.com\/wp-es\/wp-json\/wp\/v2\/pages\/26\/revisions"}],"predecessor-version":[{"id":132,"href":"https:\/\/www.alemtransportistas.com\/wp-es\/wp-json\/wp\/v2\/pages\/26\/revisions\/132"}],"wp:attachment":[{"href":"https:\/\/www.alemtransportistas.com\/wp-es\/wp-json\/wp\/v2\/media?parent=26"}],"curies":[{"name":"wp","href":"https:\/\/api.w.org\/{rel}","templated":true}]}}