{"id":4,"date":"2016-03-11T07:41:33","date_gmt":"2016-03-11T07:41:33","guid":{"rendered":"http:\/\/www.alemtransportistas.com\/wp-es\/?page_id=4"},"modified":"2021-06-10T23:52:50","modified_gmt":"2021-06-11T04:52:50","slug":"acerca-de","status":"publish","type":"page","link":"https:\/\/www.alemtransportistas.com\/wp-es\/acerca-de\/","title":{"rendered":"Carta directiva"},"content":{"rendered":"<p><img src=\"\/wp-es\/wp-content\/uploads\/2016\/03\/pers-c.png\" align=\"right\" \/>Apreciable cliente,<\/p>\n<p>Queremos agradecer el inter\u00e9s mostrado por nuestros servicios, ya que con nuestra experiencia, conocimiento y entrega, podremos hacer una buena alianza para el transporte de sus productos cuidando los puntos clave como la <strong>inocuidad, puntualidad y seguridad <\/strong>en <strong>la carga, el transporte y la entrega<\/strong> satisfactoria.<\/p>\n<p>Hemos operado en el mundo del transporte desde 1973 trasladando ma\u00edz, glucosa, fructosa, az\u00facar l\u00edquida, aceites vegetales, y otros, buscando la satisfacci\u00f3n de ustedes nuestros clientes.<\/p>\n<p>Gracias a las alianzas forjadas con nuestros clientes hemos llegado a operar m\u00e1s de 20 unidades en toda la rep\u00fablica, entregando a empresas como Bimbo, Femsa (Cocacola), Geusa (Pepsi), Tequila Cuervo, entre otras para nuestros clientes en Almidones Mexicanos, Cargill, Proteinas y Oleicos, y Jarabes de Tepatitl\u00e1n entre varios m\u00e1s.<\/p>\n<p>Atentamente<\/p>\n<p><strong>Ing. Tabitha Mariana Maguey Pe\u00f1a<\/strong><\/p>\n<p>Director General<\/p>\n","protected":false},"excerpt":{"rendered":"<p>Apreciable cliente, Queremos agradecer el inter\u00e9s mostrado por nuestros servicios, ya que con nuestra experiencia, conocimiento y entrega, podremos hacer una buena alianza para el transporte de sus productos cuidando los puntos clave como la inocuidad, puntualidad y seguridad en &hellip; <a href=\"https:\/\/www.alemtransportistas.com\/wp-es\/acerca-de\/\">Continuar<\/a><\/p>\n","protected":false},"author":1,"featured_media":0,"parent":0,"menu_order":0,"comment_status":"closed","ping_status":"closed","template":"page-fullwidth.php","meta":[],"_links":{"self":[{"href":"https:\/\/www.alemtransportistas.com\/wp-es\/wp-json\/wp\/v2\/pages\/4"}],"collection":[{"href":"https:\/\/www.alemtransportistas.com\/wp-es\/wp-json\/wp\/v2\/pages"}],"about":[{"href":"https:\/\/www.alemtransportistas.com\/wp-es\/wp-json\/wp\/v2\/types\/page"}],"author":[{"embeddable":true,"href":"https:\/\/www.alemtransportistas.com\/wp-es\/wp-json\/wp\/v2\/users\/1"}],"replies":[{"embeddable":true,"href":"https:\/\/www.alemtransportistas.com\/wp-es\/wp-json\/wp\/v2\/comments?post=4"}],"version-history":[{"count":7,"href":"https:\/\/www.alemtransportistas.com\/wp-es\/wp-json\/wp\/v2\/pages\/4\/revisions"}],"predecessor-version":[{"id":102,"href":"https:\/\/www.alemtransportistas.com\/wp-es\/wp-json\/wp\/v2\/pages\/4\/revisions\/102"}],"wp:attachment":[{"href":"https:\/\/www.alemtransportistas.com\/wp-es\/wp-json\/wp\/v2\/media?parent=4"}],"curies":[{"name":"wp","href":"https:\/\/api.w.org\/{rel}","templated":true}]}}