{"id":50,"date":"2016-03-11T04:20:51","date_gmt":"2016-03-11T10:20:51","guid":{"rendered":"http:\/\/www.alemtransportistas.com\/wp-es\/?page_id=50"},"modified":"2016-03-11T04:23:40","modified_gmt":"2016-03-11T10:23:40","slug":"portafolio","status":"publish","type":"page","link":"https:\/\/www.alemtransportistas.com\/wp-es\/portafolio\/","title":{"rendered":"Portafolio"},"content":{"rendered":"<p><img src=\"\/wp-es\/wp-content\/uploads\/2016\/03\/pers-g.png\" align=\"right\"\/><br \/>\nHemos transportado l\u00edquidos de grado alimenticio a varias empresas como:<\/p>\n<ul>\n<li>Almidones Mexicanos<\/li>\n<li>Cargill de M\u00e9xico<\/li>\n<li>Productos de Ma\u00edz<\/li>\n<li>ADM Bio Productos<\/li>\n<li>RAGASA<\/li>\n<li>Prote\u00ednas y Oleicos<\/li>\n<li>Jarabes de Tepatitlan<\/li>\n<li>Compaz<\/li>\n<\/ul>\n<p>Nuestros clientes califican nuestros servicios de esta forma:<\/p>\n<table align=\"center\">\n<tbody>\n<tr>\n<td width=\"498\"><em>\u201cObtuvo una calificaci\u00f3n de 99.4% por 500 viajes en el periodo comprendido del 3 de noviembre de 2012 al 20 de abril de 2013\u201d<\/em><\/p>\n<p><em>\u201cReciba mis felicitaciones por el resultado alcanzado\u201d<\/em><\/p>\n<p>&#8212; H\u00e9ctor Navarro Escare\u00f1o, Gerente de distribuci\u00f3n en Almidones Mexicanos SA de CV<\/td>\n<\/tr>\n<\/tbody>\n<\/table>\n<p>Dentro de los clientes que hemos llegado a entregar productos se encuentran:<\/p>\n<ul>\n<li>Bimbo<\/li>\n<li>Femsa (Coca cola)<\/li>\n<li>Geusa (Pepsi)<\/li>\n<li>Tequila Cuervo<\/li>\n<li>y m\u00e1s &#8230;<\/li>\n<\/ul>\n<p>Por lo que estamos concientes y capacitados sobre los lineamientos y condiciones de calidad de excelencia que se nos pide para atender a las exigencias del mercado mexicano.<\/p>\n","protected":false},"excerpt":{"rendered":"<p>Hemos transportado l\u00edquidos de grado alimenticio a varias empresas como: Almidones Mexicanos Cargill de M\u00e9xico Productos de Ma\u00edz ADM Bio Productos RAGASA Prote\u00ednas y Oleicos Jarabes de Tepatitlan Compaz Nuestros clientes califican nuestros servicios de esta forma: \u201cObtuvo una calificaci\u00f3n &hellip; <a href=\"https:\/\/www.alemtransportistas.com\/wp-es\/portafolio\/\">Continuar<\/a><\/p>\n","protected":false},"author":1,"featured_media":0,"parent":0,"menu_order":0,"comment_status":"closed","ping_status":"closed","template":"page-fullwidth.php","meta":[],"_links":{"self":[{"href":"https:\/\/www.alemtransportistas.com\/wp-es\/wp-json\/wp\/v2\/pages\/50"}],"collection":[{"href":"https:\/\/www.alemtransportistas.com\/wp-es\/wp-json\/wp\/v2\/pages"}],"about":[{"href":"https:\/\/www.alemtransportistas.com\/wp-es\/wp-json\/wp\/v2\/types\/page"}],"author":[{"embeddable":true,"href":"https:\/\/www.alemtransportistas.com\/wp-es\/wp-json\/wp\/v2\/users\/1"}],"replies":[{"embeddable":true,"href":"https:\/\/www.alemtransportistas.com\/wp-es\/wp-json\/wp\/v2\/comments?post=50"}],"version-history":[{"count":2,"href":"https:\/\/www.alemtransportistas.com\/wp-es\/wp-json\/wp\/v2\/pages\/50\/revisions"}],"predecessor-version":[{"id":54,"href":"https:\/\/www.alemtransportistas.com\/wp-es\/wp-json\/wp\/v2\/pages\/50\/revisions\/54"}],"wp:attachment":[{"href":"https:\/\/www.alemtransportistas.com\/wp-es\/wp-json\/wp\/v2\/media?parent=50"}],"curies":[{"name":"wp","href":"https:\/\/api.w.org\/{rel}","templated":true}]}}