{"id":6,"date":"2016-03-11T07:43:25","date_gmt":"2016-03-11T07:43:25","guid":{"rendered":"http:\/\/www.alemtransportistas.com\/wp-es\/?page_id=6"},"modified":"2016-03-11T04:09:59","modified_gmt":"2016-03-11T10:09:59","slug":"bienvenido","status":"publish","type":"page","link":"https:\/\/www.alemtransportistas.com\/wp-es\/","title":{"rendered":"Bienvenido"},"content":{"rendered":"<h2>\u00bfQu\u00e9 hacemos en alem?<\/h2>\n<p>&nbsp;<\/p>\n<p>Transportamos l\u00edquidos de grado alimenticio teniendo como objetivo el cumplimiento de est\u00e1ndares de calidad y seguridad para un eficiente servicio de transporte for\u00e1neo.<\/p>\n<p>&nbsp;<\/p>\n<h2>\u00bfPor qu\u00e9 seleccionar nuestros servicios en vez de la competencia?<\/h2>\n<p>&nbsp;<\/p>\n<p>Nuestra experiencia adquirida por los a\u00f1os de permanencia en el mercado como Auto L\u00edneas Maguey son muestra de nuestro compromiso, excelencia y capacidad. Somos una empresa que busca formar una alianza duradera con nuestros clientes que gracias a nuestro grupo de trabajo y a nuestro equipo garantizan nuestro servicio en cada uno de nuestros viajes realizados.<\/p>\n","protected":false},"excerpt":{"rendered":"<p>\u00bfQu\u00e9 hacemos en alem? &nbsp; Transportamos l\u00edquidos de grado alimenticio teniendo como objetivo el cumplimiento de est\u00e1ndares de calidad y seguridad para un eficiente servicio de transporte for\u00e1neo. &nbsp; \u00bfPor qu\u00e9 seleccionar nuestros servicios en vez de la competencia? &nbsp; &hellip; <a href=\"https:\/\/www.alemtransportistas.com\/wp-es\/\">Continuar<\/a><\/p>\n","protected":false},"author":1,"featured_media":0,"parent":0,"menu_order":0,"comment_status":"closed","ping_status":"closed","template":"page-fullwidth.php","meta":[],"_links":{"self":[{"href":"https:\/\/www.alemtransportistas.com\/wp-es\/wp-json\/wp\/v2\/pages\/6"}],"collection":[{"href":"https:\/\/www.alemtransportistas.com\/wp-es\/wp-json\/wp\/v2\/pages"}],"about":[{"href":"https:\/\/www.alemtransportistas.com\/wp-es\/wp-json\/wp\/v2\/types\/page"}],"author":[{"embeddable":true,"href":"https:\/\/www.alemtransportistas.com\/wp-es\/wp-json\/wp\/v2\/users\/1"}],"replies":[{"embeddable":true,"href":"https:\/\/www.alemtransportistas.com\/wp-es\/wp-json\/wp\/v2\/comments?post=6"}],"version-history":[{"count":5,"href":"https:\/\/www.alemtransportistas.com\/wp-es\/wp-json\/wp\/v2\/pages\/6\/revisions"}],"predecessor-version":[{"id":9,"href":"https:\/\/www.alemtransportistas.com\/wp-es\/wp-json\/wp\/v2\/pages\/6\/revisions\/9"}],"wp:attachment":[{"href":"https:\/\/www.alemtransportistas.com\/wp-es\/wp-json\/wp\/v2\/media?parent=6"}],"curies":[{"name":"wp","href":"https:\/\/api.w.org\/{rel}","templated":true}]}}