{"id":60,"date":"2016-03-11T04:44:25","date_gmt":"2016-03-11T10:44:25","guid":{"rendered":"http:\/\/www.alemtransportistas.com\/wp-es\/?page_id=60"},"modified":"2016-03-11T04:56:20","modified_gmt":"2016-03-11T10:56:20","slug":"contacto","status":"publish","type":"page","link":"https:\/\/www.alemtransportistas.com\/wp-es\/contacto\/","title":{"rendered":"Contacto"},"content":{"rendered":"<p><strong>Oficinas administrativas<\/strong><\/p>\n<p>Montecito\u00a0No. 38 Piso 17 Oficina 6<br \/>\nCol. N\u00e1poles C.P. 03810<br \/>\nDel. Benito Ju\u00e1rez, M\u00e9xico DF<\/p>\n<p>Tel\u00e9fonos<br \/>\n55362515<\/p>\n<p><strong>Oficinas\u00a0de tr\u00e1fico<\/strong><\/p>\n<p>Aldama 86<br \/>\nCol. Barrio de San Pablo\u00a0C.P.\u00a009000<br \/>\nDel. Iztapalapa, M\u00e9xico DF<\/p>\n<p>Tel\u00e9fonos<br \/>\n56854458<br \/>\n56854700<br \/>\n56851284<br \/>\n56851159<\/p>\n","protected":false},"excerpt":{"rendered":"<p>Oficinas administrativas Montecito\u00a0No. 38 Piso 17 Oficina 6 Col. N\u00e1poles C.P. 03810 Del. Benito Ju\u00e1rez, M\u00e9xico DF Tel\u00e9fonos 55362515 Oficinas\u00a0de tr\u00e1fico Aldama 86 Col. Barrio de San Pablo\u00a0C.P.\u00a009000 Del. Iztapalapa, M\u00e9xico DF Tel\u00e9fonos 56854458 56854700 56851284 56851159<\/p>\n","protected":false},"author":1,"featured_media":0,"parent":0,"menu_order":0,"comment_status":"closed","ping_status":"closed","template":"page-contact.php","meta":[],"_links":{"self":[{"href":"https:\/\/www.alemtransportistas.com\/wp-es\/wp-json\/wp\/v2\/pages\/60"}],"collection":[{"href":"https:\/\/www.alemtransportistas.com\/wp-es\/wp-json\/wp\/v2\/pages"}],"about":[{"href":"https:\/\/www.alemtransportistas.com\/wp-es\/wp-json\/wp\/v2\/types\/page"}],"author":[{"embeddable":true,"href":"https:\/\/www.alemtransportistas.com\/wp-es\/wp-json\/wp\/v2\/users\/1"}],"replies":[{"embeddable":true,"href":"https:\/\/www.alemtransportistas.com\/wp-es\/wp-json\/wp\/v2\/comments?post=60"}],"version-history":[{"count":3,"href":"https:\/\/www.alemtransportistas.com\/wp-es\/wp-json\/wp\/v2\/pages\/60\/revisions"}],"predecessor-version":[{"id":63,"href":"https:\/\/www.alemtransportistas.com\/wp-es\/wp-json\/wp\/v2\/pages\/60\/revisions\/63"}],"wp:attachment":[{"href":"https:\/\/www.alemtransportistas.com\/wp-es\/wp-json\/wp\/v2\/media?parent=60"}],"curies":[{"name":"wp","href":"https:\/\/api.w.org\/{rel}","templated":true}]}}