{"id":90,"date":"2017-07-28T13:06:42","date_gmt":"2017-07-28T18:06:42","guid":{"rendered":"http:\/\/www.alemtransportistas.com\/wp-es\/?page_id=90"},"modified":"2017-07-28T13:18:22","modified_gmt":"2017-07-28T18:18:22","slug":"tanque-de-33000-lts","status":"publish","type":"page","link":"https:\/\/www.alemtransportistas.com\/wp-es\/tanque-de-33000-lts\/","title":{"rendered":"Tanque de 33,000 lts"},"content":{"rendered":"<p>\n\tNuestro tanque de 33,000 lts est\u00e1 destinado para transportar l\u00edquidos grados alimenticio, es ideal para mover grandes pesos con dos ejes a una relaci\u00f3n de peso del 0.9.\n<\/p>\n<h2>Tanque termo sanitario tipo semirremolque para aceite vegetal<\/h2>\n<ul>\n<li><strong>Marca:<\/strong> ELK<\/li>\n<li><strong>Modelo:<\/strong> FK-33AP, 2016<\/li>\n<li><strong>Capacidad:<\/strong> 33,000 litros al 100%<\/li>\n<li><strong>C\u00f3digo de Fabricaci\u00f3n:<\/strong> ASME secci\u00f3n VIII, divisi\u00f3n 1, y\/o secci\u00f3n XII, P. Hidrost\u00e1tica 26 psi. Pres. de Trabajo 20 psi<\/li>\n<li><strong>Capsula:<\/strong> Cil\u00edndrica<\/li>\n<li><strong>Material Capsula:<\/strong> Acero Inoxidable 304 2B cal. 10, tapas toriesfericas, Insulado con Poliuretano alta densidad espreado<\/li>\n<li><strong>Forro:<\/strong> Inoxidable T-304 BA. (Acabado Espejo)<\/li>\n<li><strong>Domo:<\/strong> Registro contra volcaduras 1 entrada hombre con 1 tapa marca Betts 6 herrajes fijos y 1 v\u00e1lvula presi\u00f3n vac\u00edo 25 psi<\/li>\n<li><strong>Compartimientos:<\/strong> Uno<\/li>\n<li><strong>Anillos:<\/strong> Inoxidable T-304<\/li>\n<li><strong>Tuber\u00eda de descarga:<\/strong> 3\u201d, con 1 v\u00e1lvula mariposa inoxidable 3\u201d con brida y clamp<\/li>\n<li><strong>V\u00e1lvula de muestreo:<\/strong> 1 de 1\/2&#8243; construcci\u00f3n en acero inoxidable<\/li>\n<li><strong>Gabinete:<\/strong> trasero construcci\u00f3n en acero Inoxidable grande horizontal ELK<\/li>\n<li><strong>Porta mangueras:<\/strong> 2 construcci\u00f3n en acero inoxidable T-304<\/li>\n<li><strong>Term\u00f3metro:<\/strong> 1 instalado<\/li>\n<li><strong>M\u00e9todo de descarga: <\/strong>Por gravedad<\/li>\n<\/ul>\n<p>&nbsp;<\/p>\n<p><img src=\"\/wp-es\/wp-content\/uploads\/2016\/03\/pipa2.png\" alt=\"pipa2\" align=\"right\" \/><br \/>\n&nbsp;<\/p>\n","protected":false},"excerpt":{"rendered":"<p>Nuestro tanque de 33,000 lts est\u00e1 destinado para transportar l\u00edquidos grados alimenticio, es ideal para mover grandes pesos con dos ejes a una relaci\u00f3n de peso del 0.9. Tanque termo sanitario tipo semirremolque para aceite vegetal Marca: ELK Modelo: FK-33AP, &hellip; <a href=\"https:\/\/www.alemtransportistas.com\/wp-es\/tanque-de-33000-lts\/\">Continuar<\/a><\/p>\n","protected":false},"author":1,"featured_media":0,"parent":0,"menu_order":0,"comment_status":"closed","ping_status":"closed","template":"page-fullwidth.php","meta":[],"_links":{"self":[{"href":"https:\/\/www.alemtransportistas.com\/wp-es\/wp-json\/wp\/v2\/pages\/90"}],"collection":[{"href":"https:\/\/www.alemtransportistas.com\/wp-es\/wp-json\/wp\/v2\/pages"}],"about":[{"href":"https:\/\/www.alemtransportistas.com\/wp-es\/wp-json\/wp\/v2\/types\/page"}],"author":[{"embeddable":true,"href":"https:\/\/www.alemtransportistas.com\/wp-es\/wp-json\/wp\/v2\/users\/1"}],"replies":[{"embeddable":true,"href":"https:\/\/www.alemtransportistas.com\/wp-es\/wp-json\/wp\/v2\/comments?post=90"}],"version-history":[{"count":4,"href":"https:\/\/www.alemtransportistas.com\/wp-es\/wp-json\/wp\/v2\/pages\/90\/revisions"}],"predecessor-version":[{"id":100,"href":"https:\/\/www.alemtransportistas.com\/wp-es\/wp-json\/wp\/v2\/pages\/90\/revisions\/100"}],"wp:attachment":[{"href":"https:\/\/www.alemtransportistas.com\/wp-es\/wp-json\/wp\/v2\/media?parent=90"}],"curies":[{"name":"wp","href":"https:\/\/api.w.org\/{rel}","templated":true}]}}